{"id":29,"date":"2024-11-04T04:30:26","date_gmt":"2024-11-04T04:30:26","guid":{"rendered":"https:\/\/gaviaspreview.com\/wp\/homirx\/?page_id=29"},"modified":"2025-02-28T17:20:58","modified_gmt":"2025-02-28T16:20:58","slug":"intermediation","status":"publish","type":"page","link":"https:\/\/generalatlantique.com\/index.php\/intermediation\/","title":{"rendered":"Interm\u00e9diation"},"content":{"rendered":"\t\t<div data-elementor-type=\"wp-page\" data-elementor-id=\"29\" class=\"elementor elementor-29\">\n\t\t\t\t<div class=\"elementor-element elementor-element-27b6231 e-flex e-con-boxed e-con e-parent\" data-id=\"27b6231\" data-element_type=\"container\" data-e-type=\"container\" data-settings=\"{&quot;background_background&quot;:&quot;classic&quot;}\">\n\t\t\t\t\t<div class=\"e-con-inner\">\n\t\t<div class=\"elementor-element elementor-element-31d7643 e-con-full e-flex e-con e-child\" data-id=\"31d7643\" data-element_type=\"container\" data-e-type=\"container\">\n\t\t\t\t<div class=\"elementor-element elementor-element-65075b9 over-hidden elementor-widget elementor-widget-gva_post_breadcrumb\" data-id=\"65075b9\" data-element_type=\"widget\" data-e-type=\"widget\" data-widget_type=\"gva_post_breadcrumb.default\">\n\t\t\t\t<div class=\"elementor-widget-container\">\n\t\t\t\t\t<div class=\"gva-element-gva_post_breadcrumb gva-element\">   \r\n<div class=\"post-breadcrumb\">\r\n   <div class=\"custom-breadcrumb \" >\r\n            <div class=\"breadcrumb-main\">\r\n        <div class=\"container\">\r\n          <div class=\"breadcrumb-container-inner\">\r\n            <h2 class=\"heading-title\">Interm\u00e9diation<\/h2><ol class=\"breadcrumb\"><li><a href=\"https:\/\/generalatlantique.com\">Home<\/a> <\/li> <li class=\"active\">Page<\/li><\/ol>          <\/div>  \r\n        <\/div>   \r\n      <\/div>  \r\n   <\/div>\r\n<\/div>      \r\n\r\n<\/div>\t\t\t\t<\/div>\n\t\t\t\t<\/div>\n\t\t\t\t<\/div>\n\t\t\t\t\t<\/div>\n\t\t\t\t<\/div>\n\t\t<div class=\"elementor-element elementor-element-40adde0 e-flex e-con-boxed e-con e-parent\" data-id=\"40adde0\" data-element_type=\"container\" data-e-type=\"container\" data-settings=\"{&quot;background_background&quot;:&quot;classic&quot;}\">\n\t\t\t\t\t<div class=\"e-con-inner\">\n\t\t<div class=\"elementor-element elementor-element-ff3625c e-con-full e-flex e-con e-child\" data-id=\"ff3625c\" data-element_type=\"container\" data-e-type=\"container\">\n\t\t\t\t<div class=\"elementor-element elementor-element-0e34257 elementor-widget elementor-widget-gva_icon_box_group\" data-id=\"0e34257\" data-element_type=\"widget\" data-e-type=\"widget\" data-widget_type=\"gva_icon_box_group.default\">\n\t\t\t\t<div class=\"elementor-widget-container\">\n\t\t\t\t\t<div class=\"gva-element-gva_icon_box_group gva-element\">\r\n<div class=\"gsc-icon-box-group layout-grid\">\r\n\t<div class=\"lg-block-grid-1 md-block-grid-3 sm-block-grid-2 xs-block-grid-1 xx-block-grid-1\">\r\n\t\t<div class=\"item-columns\">\r\n<div class=\"icon-box-item elementor-repeater-item-0975d4a\">\r\n\r\n\t\r\n\t\r\n\t\r\n\t<div class=\"iconbox-four__single\"><div class=\"iconbox-four__wrap\"><div class=\"iconbox-four__icon\"><i aria-hidden=\"true\" class=\"gicon-cutlery\"><\/i><\/div><div class=\"iconbox-four__content\"><h3 class=\"iconbox-four__title\">Courtage commercial : <\/h3><div class=\"iconbox-four__desc\">Agir en tant qu'interm\u00e9diaire entre des entreprises pour n\u00e9gocier des contrats ou des transactions.<\/div><\/div><\/div><\/div>\r\n\t\r\n<\/div><\/div><div class=\"item-columns\">\r\n<div class=\"icon-box-item elementor-repeater-item-e5e83dc\">\r\n\r\n\t\r\n\t\r\n\t\r\n\t<div class=\"iconbox-four__single\"><div class=\"iconbox-four__wrap\"><div class=\"iconbox-four__icon\"><i aria-hidden=\"true\" class=\"gicon-cocktail\"><\/i><\/div><div class=\"iconbox-four__content\"><h3 class=\"iconbox-four__title\">Courtage financier : <\/h3><div class=\"iconbox-four__desc\">Agir en tant qu'interm\u00e9diaire entre des entreprises et des institutions financi\u00e8res pour n\u00e9gocier des aides, subventions, pr\u00eats ou des investissements.<\/div><\/div><\/div><\/div>\r\n\t\r\n<\/div><\/div><div class=\"item-columns\">\r\n<div class=\"icon-box-item elementor-repeater-item-b3a7ceb\">\r\n\r\n\t\r\n\t\r\n\t\r\n\t<div class=\"iconbox-four__single\"><div class=\"iconbox-four__wrap\"><div class=\"iconbox-four__icon\"><i aria-hidden=\"true\" class=\"gicon-health\"><\/i><\/div><div class=\"iconbox-four__content\"><h3 class=\"iconbox-four__title\">Courtage logistique : <\/h3><div class=\"iconbox-four__desc\">Agir en tant qu'interm\u00e9diaire entre des entreprises et des prestataires de services logistiques pour n\u00e9gocier des contrats de Transport ou de Stockage.<\/div><\/div><\/div><\/div>\r\n\t\r\n<\/div><\/div>\t<\/div>   \r\n<\/div>\r\n<\/div>\t\t\t\t<\/div>\n\t\t\t\t<\/div>\n\t\t\t\t<\/div>\n\t\t<div class=\"elementor-element elementor-element-85325d7 e-con-full e-flex e-con e-child\" data-id=\"85325d7\" data-element_type=\"container\" data-e-type=\"container\">\n\t\t<div class=\"elementor-element elementor-element-1ed6be6 e-con-full e-flex e-con e-child\" data-id=\"1ed6be6\" data-element_type=\"container\" data-e-type=\"container\">\n\t\t\t\t<div class=\"elementor-element elementor-element-d45bd45 elementor-widget elementor-widget-image\" data-id=\"d45bd45\" data-element_type=\"widget\" data-e-type=\"widget\" data-widget_type=\"image.default\">\n\t\t\t\t<div class=\"elementor-widget-container\">\n\t\t\t\t\t\t\t\t\t\t\t\t\t\t\t<img decoding=\"async\" src=\"http:\/\/generalatlantique.com\/wp-content\/uploads\/2025\/02\/001.png\" title=\"001\" alt=\"001\" loading=\"lazy\" \/>\t\t\t\t\t\t\t\t\t\t\t\t\t\t\t<\/div>\n\t\t\t\t<\/div>\n\t\t<div class=\"elementor-element elementor-element-9432f8b e-con-full e-flex e-con e-child\" data-id=\"9432f8b\" data-element_type=\"container\" data-e-type=\"container\">\n\t\t\t\t<\/div>\n\t\t\t\t<\/div>\n\t\t<div class=\"elementor-element elementor-element-5a11a87 e-con-full e-flex e-con e-child\" data-id=\"5a11a87\" data-element_type=\"container\" data-e-type=\"container\">\n\t\t\t\t<div class=\"elementor-element elementor-element-1d7435f elementor-widget elementor-widget-image\" data-id=\"1d7435f\" data-element_type=\"widget\" data-e-type=\"widget\" data-widget_type=\"image.default\">\n\t\t\t\t<div class=\"elementor-widget-container\">\n\t\t\t\t\t\t\t\t\t\t\t\t\t\t\t<img fetchpriority=\"high\" decoding=\"async\" width=\"275\" height=\"183\" src=\"http:\/\/generalatlantique.com\/wp-content\/uploads\/2025\/02\/Courtage-financier.jpeg\" class=\"attachment-large size-large wp-image-1044\" alt=\"\" \/>\t\t\t\t\t\t\t\t\t\t\t\t\t\t\t<\/div>\n\t\t\t\t<\/div>\n\t\t\t\t<div class=\"elementor-element elementor-element-89c3dcc elementor-widget elementor-widget-image\" data-id=\"89c3dcc\" data-element_type=\"widget\" data-e-type=\"widget\" data-widget_type=\"image.default\">\n\t\t\t\t<div class=\"elementor-widget-container\">\n\t\t\t\t\t\t\t\t\t\t\t\t\t\t\t<img decoding=\"async\" width=\"279\" height=\"180\" src=\"http:\/\/generalatlantique.com\/wp-content\/uploads\/2025\/02\/Courtage-logistique.jpeg\" class=\"attachment-large size-large wp-image-1045\" alt=\"\" \/>\t\t\t\t\t\t\t\t\t\t\t\t\t\t\t<\/div>\n\t\t\t\t<\/div>\n\t\t\t\t<\/div>\n\t\t\t\t<\/div>\n\t\t\t\t\t<\/div>\n\t\t\t\t<\/div>\n\t\t\t\t<\/div>\n\t\t","protected":false},"excerpt":{"rendered":"<p>Interm\u00e9diation Home Page Courtage commercial : Agir en tant qu&#8217;interm\u00e9diaire entre des entreprises pour n\u00e9gocier des contrats ou des transactions. Courtage financier : Agir en tant qu&#8217;interm\u00e9diaire entre des entreprises [&hellip;]<\/p>\n","protected":false},"author":1,"featured_media":0,"parent":0,"menu_order":0,"comment_status":"closed","ping_status":"closed","template":"","meta":{"footnotes":""},"class_list":["post-29","page","type-page","status-publish","hentry"],"_links":{"self":[{"href":"https:\/\/generalatlantique.com\/index.php\/wp-json\/wp\/v2\/pages\/29","targetHints":{"allow":["GET"]}}],"collection":[{"href":"https:\/\/generalatlantique.com\/index.php\/wp-json\/wp\/v2\/pages"}],"about":[{"href":"https:\/\/generalatlantique.com\/index.php\/wp-json\/wp\/v2\/types\/page"}],"author":[{"embeddable":true,"href":"https:\/\/generalatlantique.com\/index.php\/wp-json\/wp\/v2\/users\/1"}],"replies":[{"embeddable":true,"href":"https:\/\/generalatlantique.com\/index.php\/wp-json\/wp\/v2\/comments?post=29"}],"version-history":[{"count":16,"href":"https:\/\/generalatlantique.com\/index.php\/wp-json\/wp\/v2\/pages\/29\/revisions"}],"predecessor-version":[{"id":1048,"href":"https:\/\/generalatlantique.com\/index.php\/wp-json\/wp\/v2\/pages\/29\/revisions\/1048"}],"wp:attachment":[{"href":"https:\/\/generalatlantique.com\/index.php\/wp-json\/wp\/v2\/media?parent=29"}],"curies":[{"name":"wp","href":"https:\/\/api.w.org\/{rel}","templated":true}]}}