{"id":416,"date":"2024-11-04T04:29:14","date_gmt":"2024-11-04T04:29:14","guid":{"rendered":"https:\/\/gaviaspreview.com\/wp\/homirx\/?page_id=23"},"modified":"2025-02-27T20:14:09","modified_gmt":"2025-02-27T19:14:09","slug":"prestation-de-services","status":"publish","type":"page","link":"https:\/\/generalatlantique.com\/index.php\/prestation-de-services\/","title":{"rendered":"Prestation de Services"},"content":{"rendered":"\t\t<div data-elementor-type=\"wp-page\" data-elementor-id=\"416\" class=\"elementor elementor-416\">\n\t\t\t\t<div class=\"elementor-element elementor-element-1555a2d e-flex e-con-boxed e-con e-parent\" data-id=\"1555a2d\" data-element_type=\"container\" data-e-type=\"container\" data-settings=\"{&quot;background_background&quot;:&quot;slideshow&quot;,&quot;background_slideshow_gallery&quot;:[{&quot;id&quot;:127,&quot;url&quot;:&quot;https:\\\/\\\/gaviaspreview.com\\\/wp\\\/homirx\\\/wp-content\\\/uploads\\\/2024\\\/11\\\/breadcrumb-01.jpg&quot;},{&quot;id&quot;:358,&quot;url&quot;:&quot;https:\\\/\\\/gaviaspreview.com\\\/wp\\\/homirx\\\/wp-content\\\/uploads\\\/2024\\\/12\\\/breadcrumb-03.jpg&quot;}],&quot;background_slideshow_ken_burns&quot;:&quot;yes&quot;,&quot;background_slideshow_loop&quot;:&quot;yes&quot;,&quot;background_slideshow_slide_duration&quot;:5000,&quot;background_slideshow_slide_transition&quot;:&quot;fade&quot;,&quot;background_slideshow_transition_duration&quot;:500,&quot;background_slideshow_ken_burns_zoom_direction&quot;:&quot;in&quot;}\">\n\t\t\t\t\t<div class=\"e-con-inner\">\n\t\t<div class=\"elementor-element elementor-element-0cb9b25 e-con-full e-flex e-con e-child\" data-id=\"0cb9b25\" data-element_type=\"container\" data-e-type=\"container\">\n\t\t\t\t<div class=\"elementor-element elementor-element-aae7916 elementor-widget elementor-widget-gva-heading-block\" data-id=\"aae7916\" data-element_type=\"widget\" data-e-type=\"widget\" data-widget_type=\"gva-heading-block.default\">\n\t\t\t\t<div class=\"elementor-widget-container\">\n\t\t\t\t\t<div class=\"gva-element-gva-heading-block gva-element\">\r\n   <div class=\"align-center style-1 widget gsc-heading box-align-left auto-responsive\">\r\n      \r\n      <div class=\"content-inner\">\r\n                  \r\n           \r\n         \r\n                     <h2 class=\"title\">\r\n               <span>Prestation de Services<\/span>\r\n            <\/h2>\r\n                  \r\n         \r\n               <\/div>\r\n\r\n   <\/div>\r\n\r\n<\/div>\t\t\t\t<\/div>\n\t\t\t\t<\/div>\n\t\t\t\t<\/div>\n\t\t\t\t\t<\/div>\n\t\t\t\t<\/div>\n\t\t<div class=\"elementor-element elementor-element-2038d8d e-flex e-con-boxed e-con e-parent\" data-id=\"2038d8d\" data-element_type=\"container\" data-e-type=\"container\" data-settings=\"{&quot;background_background&quot;:&quot;classic&quot;}\">\n\t\t\t\t\t<div class=\"e-con-inner\">\n\t\t<div class=\"elementor-element elementor-element-9177a9f e-con-full e-flex e-con e-child\" data-id=\"9177a9f\" data-element_type=\"container\" data-e-type=\"container\">\n\t\t<div class=\"elementor-element elementor-element-31c5470 bg-overlay-2 e-con-full e-flex e-con e-child\" data-id=\"31c5470\" data-element_type=\"container\" data-e-type=\"container\">\n\t\t<div class=\"elementor-element elementor-element-c6b3d8c e-con-full e-flex e-con e-child\" data-id=\"c6b3d8c\" data-element_type=\"container\" data-e-type=\"container\">\n\t\t\t\t<div class=\"elementor-element elementor-element-c0f6c66 elementor-widget elementor-widget-image\" data-id=\"c0f6c66\" data-element_type=\"widget\" data-e-type=\"widget\" data-widget_type=\"image.default\">\n\t\t\t\t<div class=\"elementor-widget-container\">\n\t\t\t\t\t\t\t\t\t\t\t\t\t\t\t<img fetchpriority=\"high\" decoding=\"async\" width=\"370\" height=\"455\" src=\"https:\/\/generalatlantique.com\/wp-content\/uploads\/2024\/11\/image-10.jpg\" class=\"elementor-animation-grow-rotate attachment-full size-full wp-image-218\" alt=\"\" \/>\t\t\t\t\t\t\t\t\t\t\t\t\t\t\t<\/div>\n\t\t\t\t<\/div>\n\t\t\t\t<div class=\"elementor-element elementor-element-3f840f2 elementor-widget elementor-widget-image\" data-id=\"3f840f2\" data-element_type=\"widget\" data-e-type=\"widget\" data-widget_type=\"image.default\">\n\t\t\t\t<div class=\"elementor-widget-container\">\n\t\t\t\t\t\t\t\t\t\t\t\t\t\t\t<img fetchpriority=\"high\" decoding=\"async\" width=\"370\" height=\"455\" src=\"https:\/\/generalatlantique.com\/wp-content\/uploads\/2024\/11\/image-10.jpg\" class=\"elementor-animation-grow-rotate attachment-full size-full wp-image-218\" alt=\"\" \/>\t\t\t\t\t\t\t\t\t\t\t\t\t\t\t<\/div>\n\t\t\t\t<\/div>\n\t\t\t\t<div class=\"elementor-element elementor-element-ac0b2d5 elementor-widget__width-auto elementor-absolute elementor-widget elementor-widget-image\" data-id=\"ac0b2d5\" data-element_type=\"widget\" data-e-type=\"widget\" data-settings=\"{&quot;_position&quot;:&quot;absolute&quot;}\" data-widget_type=\"image.default\">\n\t\t\t\t<div class=\"elementor-widget-container\">\n\t\t\t\t\t\t\t\t\t\t\t\t\t\t\t<img decoding=\"async\" width=\"250\" height=\"328\" src=\"https:\/\/generalatlantique.com\/wp-content\/uploads\/2024\/11\/image-11.jpg\" class=\"elementor-animation-grow-rotate attachment-full size-full wp-image-219\" alt=\"\" \/>\t\t\t\t\t\t\t\t\t\t\t\t\t\t\t<\/div>\n\t\t\t\t<\/div>\n\t\t\t\t<\/div>\n\t\t\t\t<\/div>\n\t\t\t\t<\/div>\n\t\t<div class=\"elementor-element elementor-element-a675b19 e-con-full e-flex e-con e-child\" data-id=\"a675b19\" data-element_type=\"container\" data-e-type=\"container\">\n\t\t\t\t<div class=\"elementor-element elementor-element-1b04af4 elementor-widget elementor-widget-gva-heading-block\" data-id=\"1b04af4\" data-element_type=\"widget\" data-e-type=\"widget\" data-widget_type=\"gva-heading-block.default\">\n\t\t\t\t<div class=\"elementor-widget-container\">\n\t\t\t\t\t<div class=\"gva-element-gva-heading-block gva-element\">\r\n   <div class=\"align-left style-1 widget gsc-heading box-align-left auto-responsive\">\r\n      \r\n      <div class=\"content-inner\">\r\n                  \r\n         <div class=\"sub-title\"><span class=\"tagline\">Conseil &amp; Assistance en affaires : <\/span><\/div>  \r\n         \r\n                  \r\n                     <div class=\"title-desc\">Offrir des conseils en affaires pour aider les entreprises \u00e0 am\u00e9liorer leurs op\u00e9rations ou \u00e0 d\u00e9velopper de nouvelles strat\u00e9gies.<\/div>\r\n         \r\n               <\/div>\r\n\r\n   <\/div>\r\n\r\n<\/div>\t\t\t\t<\/div>\n\t\t\t\t<\/div>\n\t\t\t\t<div class=\"elementor-element elementor-element-1ffc77e elementor-widget elementor-widget-gva-heading-block\" data-id=\"1ffc77e\" data-element_type=\"widget\" data-e-type=\"widget\" data-widget_type=\"gva-heading-block.default\">\n\t\t\t\t<div class=\"elementor-widget-container\">\n\t\t\t\t\t<div class=\"gva-element-gva-heading-block gva-element\">\r\n   <div class=\"align-left style-1 widget gsc-heading box-align-left auto-responsive\">\r\n      \r\n      <div class=\"content-inner\">\r\n                  \r\n         <div class=\"sub-title\"><span class=\"tagline\">Gestion de projets : <\/span><\/div>  \r\n         \r\n                  \r\n                     <div class=\"title-desc\">Offrir des services de gestion de projets pour aider les entreprises \u00e0 planifier et \u00e0 ex\u00e9cuter des projets complexes.<\/div>\r\n         \r\n               <\/div>\r\n\r\n   <\/div>\r\n\r\n<\/div>\t\t\t\t<\/div>\n\t\t\t\t<\/div>\n\t\t\t\t<div class=\"elementor-element elementor-element-3550329 elementor-widget elementor-widget-gva-heading-block\" data-id=\"3550329\" data-element_type=\"widget\" data-e-type=\"widget\" data-widget_type=\"gva-heading-block.default\">\n\t\t\t\t<div class=\"elementor-widget-container\">\n\t\t\t\t\t<div class=\"gva-element-gva-heading-block gva-element\">\r\n   <div class=\"align-left style-1 widget gsc-heading box-align-left auto-responsive\">\r\n      \r\n      <div class=\"content-inner\">\r\n                  \r\n         <div class=\"sub-title\"><span class=\"tagline\">Logistique et Transport : <\/span><\/div>  \r\n         \r\n                  \r\n                     <div class=\"title-desc\">Offrir des services de logistique et de transport pour aider les entreprises \u00e0 g\u00e9rer leurs cha\u00eenes d'approvisionnement.<\/div>\r\n         \r\n               <\/div>\r\n\r\n   <\/div>\r\n\r\n<\/div>\t\t\t\t<\/div>\n\t\t\t\t<\/div>\n\t\t\t\t<div class=\"elementor-element elementor-element-5dca472 elementor-widget elementor-widget-gva-heading-block\" data-id=\"5dca472\" data-element_type=\"widget\" data-e-type=\"widget\" data-widget_type=\"gva-heading-block.default\">\n\t\t\t\t<div class=\"elementor-widget-container\">\n\t\t\t\t\t<div class=\"gva-element-gva-heading-block gva-element\">\r\n   <div class=\"align-left style-1 widget gsc-heading box-align-left auto-responsive\">\r\n      \r\n      <div class=\"content-inner\">\r\n                  \r\n         <div class=\"sub-title\"><span class=\"tagline\">Marketing et Communication <\/span><\/div>  \r\n         \r\n                  \r\n                     <div class=\"title-desc\">Offrir des services de Marketing et de Communication pour aider les entreprises \u00e0 promouvoir leurs produits ou services.<\/div>\r\n         \r\n               <\/div>\r\n\r\n   <\/div>\r\n\r\n<\/div>\t\t\t\t<\/div>\n\t\t\t\t<\/div>\n\t\t\t\t<div class=\"elementor-element elementor-element-f89c9ff elementor-widget elementor-widget-gva-heading-block\" data-id=\"f89c9ff\" data-element_type=\"widget\" data-e-type=\"widget\" data-widget_type=\"gva-heading-block.default\">\n\t\t\t\t<div class=\"elementor-widget-container\">\n\t\t\t\t\t<div class=\"gva-element-gva-heading-block gva-element\">\r\n   <div class=\"align-left style-1 widget gsc-heading box-align-left auto-responsive\">\r\n      \r\n      <div class=\"content-inner\">\r\n                  \r\n         <div class=\"sub-title\"><span class=\"tagline\">Comptabilit\u00e9 \/Fiscalit\u00e9 : <\/span><\/div>  \r\n         \r\n                  \r\n                     <div class=\"title-desc\">Ces services sont g\u00e9n\u00e9ralement offerts par des professionnels de la comptabilit\u00e9, tels que des comptables, des experts-comptables ou des conseillers fiscaux. Ils peuvent aider les entreprises et les particuliers \u00e0 g\u00e9rer leurs obligations fiscales, \u00e0 pr\u00e9parer leurs d\u00e9clarations de revenus et \u00e0 optimiser leur situation fiscale.<\/div>\r\n         \r\n               <\/div>\r\n\r\n   <\/div>\r\n\r\n<\/div>\t\t\t\t<\/div>\n\t\t\t\t<\/div>\n\t\t\t\t<\/div>\n\t\t\t\t\t<\/div>\n\t\t\t\t<\/div>\n\t\t\t\t<\/div>\n\t\t","protected":false},"excerpt":{"rendered":"<p>Prestation de Services Conseil &amp; Assistance en affaires : Offrir des conseils en affaires pour aider les entreprises \u00e0 am\u00e9liorer leurs op\u00e9rations ou \u00e0 d\u00e9velopper de nouvelles strat\u00e9gies. Gestion de [&hellip;]<\/p>\n","protected":false},"author":1,"featured_media":0,"parent":0,"menu_order":0,"comment_status":"closed","ping_status":"closed","template":"","meta":{"footnotes":""},"class_list":["post-416","page","type-page","status-publish","hentry"],"_links":{"self":[{"href":"https:\/\/generalatlantique.com\/index.php\/wp-json\/wp\/v2\/pages\/416","targetHints":{"allow":["GET"]}}],"collection":[{"href":"https:\/\/generalatlantique.com\/index.php\/wp-json\/wp\/v2\/pages"}],"about":[{"href":"https:\/\/generalatlantique.com\/index.php\/wp-json\/wp\/v2\/types\/page"}],"author":[{"embeddable":true,"href":"https:\/\/generalatlantique.com\/index.php\/wp-json\/wp\/v2\/users\/1"}],"replies":[{"embeddable":true,"href":"https:\/\/generalatlantique.com\/index.php\/wp-json\/wp\/v2\/comments?post=416"}],"version-history":[{"count":28,"href":"https:\/\/generalatlantique.com\/index.php\/wp-json\/wp\/v2\/pages\/416\/revisions"}],"predecessor-version":[{"id":1011,"href":"https:\/\/generalatlantique.com\/index.php\/wp-json\/wp\/v2\/pages\/416\/revisions\/1011"}],"wp:attachment":[{"href":"https:\/\/generalatlantique.com\/index.php\/wp-json\/wp\/v2\/media?parent=416"}],"curies":[{"name":"wp","href":"https:\/\/api.w.org\/{rel}","templated":true}]}}