{"id":418,"date":"2024-11-04T04:29:35","date_gmt":"2024-11-04T04:29:35","guid":{"rendered":"https:\/\/gaviaspreview.com\/wp\/homirx\/?page_id=25"},"modified":"2025-02-27T19:29:21","modified_gmt":"2025-02-27T18:29:21","slug":"representation","status":"publish","type":"page","link":"https:\/\/generalatlantique.com\/index.php\/representation\/","title":{"rendered":"Repr\u00e9sentation"},"content":{"rendered":"\t\t<div data-elementor-type=\"wp-page\" data-elementor-id=\"418\" class=\"elementor elementor-418\">\n\t\t\t\t<div class=\"elementor-element elementor-element-71a7eb4 e-flex e-con-boxed e-con e-parent\" data-id=\"71a7eb4\" data-element_type=\"container\" data-e-type=\"container\" data-settings=\"{&quot;background_background&quot;:&quot;slideshow&quot;,&quot;background_slideshow_gallery&quot;:[{&quot;id&quot;:127,&quot;url&quot;:&quot;https:\\\/\\\/gaviaspreview.com\\\/wp\\\/homirx\\\/wp-content\\\/uploads\\\/2024\\\/11\\\/breadcrumb-01.jpg&quot;},{&quot;id&quot;:358,&quot;url&quot;:&quot;https:\\\/\\\/gaviaspreview.com\\\/wp\\\/homirx\\\/wp-content\\\/uploads\\\/2024\\\/12\\\/breadcrumb-03.jpg&quot;}],&quot;background_slideshow_ken_burns&quot;:&quot;yes&quot;,&quot;background_slideshow_loop&quot;:&quot;yes&quot;,&quot;background_slideshow_slide_duration&quot;:5000,&quot;background_slideshow_slide_transition&quot;:&quot;fade&quot;,&quot;background_slideshow_transition_duration&quot;:500,&quot;background_slideshow_ken_burns_zoom_direction&quot;:&quot;in&quot;}\">\n\t\t\t\t\t<div class=\"e-con-inner\">\n\t\t<div class=\"elementor-element elementor-element-faffaa9 e-con-full e-flex e-con e-child\" data-id=\"faffaa9\" data-element_type=\"container\" data-e-type=\"container\">\n\t\t\t\t<div class=\"elementor-element elementor-element-7c9545e elementor-widget elementor-widget-gva-heading-block\" data-id=\"7c9545e\" data-element_type=\"widget\" data-e-type=\"widget\" data-widget_type=\"gva-heading-block.default\">\n\t\t\t\t<div class=\"elementor-widget-container\">\n\t\t\t\t\t<div class=\"gva-element-gva-heading-block gva-element\">\r\n   <div class=\"align-center style-1 widget gsc-heading box-align-left auto-responsive\">\r\n      \r\n      <div class=\"content-inner\">\r\n                  \r\n           \r\n         \r\n                     <h2 class=\"title\">\r\n               <span>Repr\u00e9sentation<\/span>\r\n            <\/h2>\r\n                  \r\n         \r\n               <\/div>\r\n\r\n   <\/div>\r\n\r\n<\/div>\t\t\t\t<\/div>\n\t\t\t\t<\/div>\n\t\t\t\t<\/div>\n\t\t\t\t\t<\/div>\n\t\t\t\t<\/div>\n\t\t<div class=\"elementor-element elementor-element-d18379a e-flex e-con-boxed e-con e-parent\" data-id=\"d18379a\" data-element_type=\"container\" data-e-type=\"container\" data-settings=\"{&quot;background_background&quot;:&quot;classic&quot;}\">\n\t\t\t\t\t<div class=\"e-con-inner\">\n\t\t<div class=\"elementor-element elementor-element-883c25b e-con-full e-flex e-con e-child\" data-id=\"883c25b\" data-element_type=\"container\" data-e-type=\"container\">\n\t\t\t\t<div class=\"elementor-element elementor-element-56eaa21 elementor-widget elementor-widget-gva-image-content\" data-id=\"56eaa21\" data-element_type=\"widget\" data-e-type=\"widget\" data-widget_type=\"gva-image-content.default\">\n\t\t\t\t<div class=\"elementor-widget-container\">\n\t\t\t\t\t<div class=\"gva-element-gva-image-content gva-element\">\t\t\r\n\t\t\t<div class=\"about-one__single\">\r\n\t\t\t\t \t<div class=\"about-one__image\"><div class=\"image-inner\"><img fetchpriority=\"high\" decoding=\"async\" width=\"512\" height=\"512\" src=\"https:\/\/generalatlantique.com\/wp-content\/uploads\/2024\/11\/image-01.jpg\" class=\"attachment-full size-full wp-image-131\" alt=\"\" srcset=\"https:\/\/generalatlantique.com\/wp-content\/uploads\/2024\/11\/image-01.jpg 512w, https:\/\/generalatlantique.com\/wp-content\/uploads\/2024\/11\/image-01-300x300.jpg 300w, https:\/\/generalatlantique.com\/wp-content\/uploads\/2024\/11\/image-01-180x180.jpg 180w, https:\/\/generalatlantique.com\/wp-content\/uploads\/2024\/11\/image-01-175x175.jpg 175w\" sizes=\"(max-width: 512px) 100vw, 512px\" \/><\/div><\/div>\t\r\n\t\t\t\t\t  <a href=\"#\" aria-label=\"link\" class=\"about-one__link-overlay\"><\/a>\r\n\t\t  \t\t<\/div>\r\n\t  \r\n\t \r\n\r\n\t \r\n\r\n\t\r\n \r\n<\/div>\t\t\t\t<\/div>\n\t\t\t\t<\/div>\n\t\t\t\t<div class=\"elementor-element elementor-element-e1a80a7 elementor-absolute elementor-widget elementor-widget-gva-video-box\" data-id=\"e1a80a7\" data-element_type=\"widget\" data-e-type=\"widget\" data-settings=\"{&quot;_position&quot;:&quot;absolute&quot;}\" data-widget_type=\"gva-video-box.default\">\n\t\t\t\t<div class=\"elementor-widget-container\">\n\t\t\t\t\t<div class=\"gva-element-gva-video-box gva-element\">\r\n   \r\n         <div class=\"video-two__single\">\r\n         <div class=\"video-two__inner\">\r\n            <div class=\"video-two__content\">\r\n               <div class=\"video-two__action\">\r\n                  <span class=\"video-two__icon\"><i class=\"fa fa-play\"><\/i><\/span>\r\n               <\/div>\r\n               <svg class=\"video-two__rotatingText\" viewBox=\"0 0 200 200\" width=\"200\" height=\"200\">\r\n                  <defs>\r\n                    <path id=\"circle_kf0s\" d=\"M 100, 100 m -75, 0 a 75, 75 0 1, 0 150, 0 a 75, 75 0 1, 0 -150, 0\"><\/path>\r\n                  <\/defs>\r\n                  <text>\r\n                    <textPath xlink:href=\"#circle_kf0s\" class=\"video-two__title\">\r\n                                             PLAY INTRO VIDEO - PLAY INTRO VIDEO -                                          <\/textPath>\r\n                  <\/text>\r\n               <\/svg>\r\n                              <a href=\"https:\/\/www.youtube.com\/watch?v=ZSiXZxVpVhs\" class=\"popup-video video-two__link\"><\/a>\r\n            <\/div>    \r\n         <\/div>\r\n      <\/div> \r\n      \r\n        \r\n<\/div>\t\t\t\t<\/div>\n\t\t\t\t<\/div>\n\t\t\t\t<\/div>\n\t\t<div class=\"elementor-element elementor-element-ecd27cb e-con-full e-flex e-con e-child\" data-id=\"ecd27cb\" data-element_type=\"container\" data-e-type=\"container\">\n\t\t\t\t<div class=\"elementor-element elementor-element-b92f0db elementor-widget elementor-widget-gva_icon_box_group\" data-id=\"b92f0db\" data-element_type=\"widget\" data-e-type=\"widget\" data-widget_type=\"gva_icon_box_group.default\">\n\t\t\t\t<div class=\"elementor-widget-container\">\n\t\t\t\t\t<div class=\"gva-element-gva_icon_box_group gva-element\">\r\n<div class=\"gsc-icon-box-group layout-grid\">\r\n\t<div class=\"lg-block-grid-1 md-block-grid-3 sm-block-grid-2 xs-block-grid-1 xx-block-grid-1\">\r\n\t\t<div class=\"item-columns\">\r\n<div class=\"icon-box-item elementor-repeater-item-7b3a596\">\r\n\r\n\t\r\n\t\r\n\t\r\n\t<div class=\"iconbox-four__single\"><div class=\"iconbox-four__wrap\"><div class=\"iconbox-four__icon\"><i aria-hidden=\"true\" class=\"gicon-cutlery\"><\/i><\/div><div class=\"iconbox-four__content\"><h3 class=\"iconbox-four__title\">Repr\u00e9sentation commerciale <\/h3><div class=\"iconbox-four__desc\">Repr\u00e9senter des entreprises pour promouvoir leurs produits ou services sur les march\u00e9s \u00e9trangers ou locaux.<\/div><\/div><\/div><\/div>\r\n\t\r\n<\/div><\/div><div class=\"item-columns\">\r\n<div class=\"icon-box-item elementor-repeater-item-87055c8\">\r\n\r\n\t\r\n\t\r\n\t\r\n\t<div class=\"iconbox-four__single\"><div class=\"iconbox-four__wrap\"><div class=\"iconbox-four__icon\"><i aria-hidden=\"true\" class=\"gicon-cocktail\"><\/i><\/div><div class=\"iconbox-four__content\"><h3 class=\"iconbox-four__title\">Repr\u00e9sentation de produits, marques & Enseignes <\/h3><div class=\"iconbox-four__desc\">Repr\u00e9senter des marques de produits ou de services pour promouvoir leurs  offres et leur image.<\/div><\/div><\/div><\/div>\r\n\t\r\n<\/div><\/div><div class=\"item-columns\">\r\n<div class=\"icon-box-item elementor-repeater-item-b38f809\">\r\n\r\n\t\r\n\t\r\n\t\r\n\t<div class=\"iconbox-four__single\"><div class=\"iconbox-four__wrap\"><div class=\"iconbox-four__icon\"><i aria-hidden=\"true\" class=\"gicon-health\"><\/i><\/div><div class=\"iconbox-four__content\"><h3 class=\"iconbox-four__title\">Repr\u00e9sentation de fournisseurs : <\/h3><div class=\"iconbox-four__desc\">Repr\u00e9senter des fournisseurs de biens ou de services pour promouvoir leurs offres et n\u00e9gocier des contrats.<\/div><\/div><\/div><\/div>\r\n\t\r\n<\/div><\/div><div class=\"item-columns\">\r\n<div class=\"icon-box-item elementor-repeater-item-9c8e7b5\">\r\n\r\n\t\r\n\t\r\n\t\r\n\t<div class=\"iconbox-four__single\"><div class=\"iconbox-four__wrap\"><div class=\"iconbox-four__icon\"><i aria-hidden=\"true\" class=\"gicon-shop\"><\/i><\/div><div class=\"iconbox-four__content\"><h3 class=\"iconbox-four__title\">Repr\u00e9sentation de technologies : <\/h3><div class=\"iconbox-four__desc\">Repr\u00e9senter des technologies ou des innovations pour promouvoir leurs applications et leur image.<\/div><\/div><\/div><\/div>\r\n\t\r\n<\/div><\/div>\t<\/div>   \r\n<\/div>\r\n<\/div>\t\t\t\t<\/div>\n\t\t\t\t<\/div>\n\t\t\t\t<\/div>\n\t\t\t\t\t<\/div>\n\t\t\t\t<\/div>\n\t\t\t\t<\/div>\n\t\t","protected":false},"excerpt":{"rendered":"<p>Repr\u00e9sentation PLAY INTRO VIDEO &#8211; PLAY INTRO VIDEO &#8211; Repr\u00e9sentation commerciale Repr\u00e9senter des entreprises pour promouvoir leurs produits ou services sur les march\u00e9s \u00e9trangers ou locaux. Repr\u00e9sentation de produits, marques [&hellip;]<\/p>\n","protected":false},"author":1,"featured_media":0,"parent":0,"menu_order":0,"comment_status":"closed","ping_status":"closed","template":"","meta":{"footnotes":""},"class_list":["post-418","page","type-page","status-publish","hentry"],"_links":{"self":[{"href":"https:\/\/generalatlantique.com\/index.php\/wp-json\/wp\/v2\/pages\/418","targetHints":{"allow":["GET"]}}],"collection":[{"href":"https:\/\/generalatlantique.com\/index.php\/wp-json\/wp\/v2\/pages"}],"about":[{"href":"https:\/\/generalatlantique.com\/index.php\/wp-json\/wp\/v2\/types\/page"}],"author":[{"embeddable":true,"href":"https:\/\/generalatlantique.com\/index.php\/wp-json\/wp\/v2\/users\/1"}],"replies":[{"embeddable":true,"href":"https:\/\/generalatlantique.com\/index.php\/wp-json\/wp\/v2\/comments?post=418"}],"version-history":[{"count":11,"href":"https:\/\/generalatlantique.com\/index.php\/wp-json\/wp\/v2\/pages\/418\/revisions"}],"predecessor-version":[{"id":986,"href":"https:\/\/generalatlantique.com\/index.php\/wp-json\/wp\/v2\/pages\/418\/revisions\/986"}],"wp:attachment":[{"href":"https:\/\/generalatlantique.com\/index.php\/wp-json\/wp\/v2\/media?parent=418"}],"curies":[{"name":"wp","href":"https:\/\/api.w.org\/{rel}","templated":true}]}}