{"id":57,"date":"2024-11-04T04:40:30","date_gmt":"2024-11-04T04:40:30","guid":{"rendered":"https:\/\/gaviaspreview.com\/wp\/homirx\/all-authors\/"},"modified":"2025-02-28T15:09:22","modified_gmt":"2025-02-28T14:09:22","slug":"commerce","status":"publish","type":"page","link":"https:\/\/generalatlantique.com\/index.php\/commerce\/","title":{"rendered":"Commerce"},"content":{"rendered":"\t\t<div data-elementor-type=\"wp-page\" data-elementor-id=\"57\" class=\"elementor elementor-57\">\n\t\t\t\t<div class=\"elementor-element elementor-element-9a15c8e e-flex e-con-boxed e-con e-parent\" data-id=\"9a15c8e\" data-element_type=\"container\" data-e-type=\"container\" data-settings=\"{&quot;background_background&quot;:&quot;slideshow&quot;,&quot;background_slideshow_gallery&quot;:[{&quot;id&quot;:127,&quot;url&quot;:&quot;https:\\\/\\\/gaviaspreview.com\\\/wp\\\/homirx\\\/wp-content\\\/uploads\\\/2024\\\/11\\\/breadcrumb-01.jpg&quot;},{&quot;id&quot;:358,&quot;url&quot;:&quot;https:\\\/\\\/gaviaspreview.com\\\/wp\\\/homirx\\\/wp-content\\\/uploads\\\/2024\\\/12\\\/breadcrumb-03.jpg&quot;}],&quot;background_slideshow_ken_burns&quot;:&quot;yes&quot;,&quot;background_slideshow_loop&quot;:&quot;yes&quot;,&quot;background_slideshow_slide_duration&quot;:5000,&quot;background_slideshow_slide_transition&quot;:&quot;fade&quot;,&quot;background_slideshow_transition_duration&quot;:500,&quot;background_slideshow_ken_burns_zoom_direction&quot;:&quot;in&quot;}\">\n\t\t\t\t\t<div class=\"e-con-inner\">\n\t\t<div class=\"elementor-element elementor-element-3ea2196 e-con-full e-flex e-con e-child\" data-id=\"3ea2196\" data-element_type=\"container\" data-e-type=\"container\">\n\t\t\t\t<div class=\"elementor-element elementor-element-6690ab8 elementor-widget elementor-widget-gva-heading-block\" data-id=\"6690ab8\" data-element_type=\"widget\" data-e-type=\"widget\" data-widget_type=\"gva-heading-block.default\">\n\t\t\t\t<div class=\"elementor-widget-container\">\n\t\t\t\t\t<div class=\"gva-element-gva-heading-block gva-element\">\r\n   <div class=\"align-center style-1 widget gsc-heading box-align-left auto-responsive\">\r\n      \r\n      <div class=\"content-inner\">\r\n                  \r\n           \r\n         \r\n                     <h2 class=\"title\">\r\n               <span>Commerce<\/span>\r\n            <\/h2>\r\n                  \r\n         \r\n               <\/div>\r\n\r\n   <\/div>\r\n\r\n<\/div>\t\t\t\t<\/div>\n\t\t\t\t<\/div>\n\t\t\t\t<\/div>\n\t\t\t\t\t<\/div>\n\t\t\t\t<\/div>\n\t\t<div class=\"elementor-element elementor-element-d087b5a e-flex e-con-boxed e-con e-parent\" data-id=\"d087b5a\" data-element_type=\"container\" data-e-type=\"container\" data-settings=\"{&quot;background_background&quot;:&quot;classic&quot;}\">\n\t\t\t\t\t<div class=\"e-con-inner\">\n\t\t<div class=\"elementor-element elementor-element-cd11f80 e-con-full e-flex e-con e-child\" data-id=\"cd11f80\" data-element_type=\"container\" data-e-type=\"container\">\n\t\t\t\t<div class=\"elementor-element elementor-element-882d2a2 elementor-widget elementor-widget-gva_icon_box_group\" data-id=\"882d2a2\" data-element_type=\"widget\" data-e-type=\"widget\" data-widget_type=\"gva_icon_box_group.default\">\n\t\t\t\t<div class=\"elementor-widget-container\">\n\t\t\t\t\t<div class=\"gva-element-gva_icon_box_group gva-element\">\r\n<div class=\"gsc-icon-box-group layout-grid\">\r\n\t<div class=\"lg-block-grid-1 md-block-grid-3 sm-block-grid-2 xs-block-grid-1 xx-block-grid-1\">\r\n\t\t<div class=\"item-columns\">\r\n<div class=\"icon-box-item elementor-repeater-item-0a941a8\">\r\n\r\n\t\r\n\t\r\n\t\r\n\t<div class=\"iconbox-four__single\"><div class=\"iconbox-four__wrap\"><div class=\"iconbox-four__icon\"><i aria-hidden=\"true\" class=\"gicon-cutlery\"><\/i><\/div><div class=\"iconbox-four__content\"><h3 class=\"iconbox-four__title\">Importation et Exportation <\/h3><div class=\"iconbox-four__desc\">(Commerce international): Importer des biens ou des services pour les revendre sur le march\u00e9 local ou les exporter vers d'autres pays.<\/div><\/div><\/div><\/div>\r\n\t\r\n<\/div><\/div><div class=\"item-columns\">\r\n<div class=\"icon-box-item elementor-repeater-item-0be6631\">\r\n\r\n\t\r\n\t\r\n\t\r\n\t<div class=\"iconbox-four__single\"><div class=\"iconbox-four__wrap\"><div class=\"iconbox-four__icon\"><i aria-hidden=\"true\" class=\"gicon-cocktail\"><\/i><\/div><div class=\"iconbox-four__content\"><h3 class=\"iconbox-four__title\">Commerce \u00e9lectronique : <\/h3><div class=\"iconbox-four__desc\">Cr\u00e9er et g\u00e9rer des plateformes de commerce \u00e9lectronique pour vendre des biens ou des services<\/div><\/div><\/div><\/div>\r\n\t\r\n<\/div><\/div><div class=\"item-columns\">\r\n<div class=\"icon-box-item elementor-repeater-item-a87cd95\">\r\n\r\n\t\r\n\t\r\n\t\r\n\t<div class=\"iconbox-four__single\"><div class=\"iconbox-four__wrap\"><div class=\"iconbox-four__icon\"><i aria-hidden=\"true\" class=\"gicon-health\"><\/i><\/div><div class=\"iconbox-four__content\"><h3 class=\"iconbox-four__title\">Commerce de gros : <\/h3><div class=\"iconbox-four__desc\">Acheter des biens ou des services en gros pour les revendre \u00e0 des d\u00e9taillants ou \u00e0 des entreprises.<\/div><\/div><\/div><\/div>\r\n\t\r\n<\/div><\/div><div class=\"item-columns\">\r\n<div class=\"icon-box-item elementor-repeater-item-51eaabe\">\r\n\r\n\t\r\n\t\r\n\t\r\n\t<div class=\"iconbox-four__single\"><div class=\"iconbox-four__wrap\"><div class=\"iconbox-four__icon\"><i aria-hidden=\"true\" class=\"gicon-shop\"><\/i><\/div><div class=\"iconbox-four__content\"><h3 class=\"iconbox-four__title\">Commerce de d\u00e9tail : <\/h3><div class=\"iconbox-four__desc\">Vendre des biens ou des services directement aux consommateurs.<\/div><\/div><\/div><\/div>\r\n\t\r\n<\/div><\/div><div class=\"item-columns\">\r\n<div class=\"icon-box-item elementor-repeater-item-5b01e14\">\r\n\r\n\t\r\n\t\r\n\t\r\n\t<div class=\"iconbox-four__single\"><div class=\"iconbox-four__wrap\"><div class=\"iconbox-four__icon\"><i aria-hidden=\"true\" class=\"gicon-car-1\"><\/i><\/div><div class=\"iconbox-four__content\"><h3 class=\"iconbox-four__title\">Commerce de niche : <\/h3><div class=\"iconbox-four__desc\">Sp\u00e9cialiser le commerce dans une niche sp\u00e9cifique, telle que les produits biologiques ou les services de consulting.<\/div><\/div><\/div><\/div>\r\n\t\r\n<\/div><\/div>\t<\/div>   \r\n<\/div>\r\n<\/div>\t\t\t\t<\/div>\n\t\t\t\t<\/div>\n\t\t\t\t<\/div>\n\t\t<div class=\"elementor-element elementor-element-00ea8ed e-con-full e-flex e-con e-child\" data-id=\"00ea8ed\" data-element_type=\"container\" data-e-type=\"container\">\n\t\t\t\t<\/div>\n\t\t\t\t\t<\/div>\n\t\t\t\t<\/div>\n\t\t\t\t<\/div>\n\t\t","protected":false},"excerpt":{"rendered":"<p>Commerce Importation et Exportation (Commerce international): Importer des biens ou des services pour les revendre sur le march\u00e9 local ou les exporter vers d&#8217;autres pays. Commerce \u00e9lectronique : Cr\u00e9er et [&hellip;]<\/p>\n","protected":false},"author":1,"featured_media":0,"parent":0,"menu_order":0,"comment_status":"closed","ping_status":"closed","template":"","meta":{"footnotes":""},"class_list":["post-57","page","type-page","status-publish","hentry"],"_links":{"self":[{"href":"https:\/\/generalatlantique.com\/index.php\/wp-json\/wp\/v2\/pages\/57","targetHints":{"allow":["GET"]}}],"collection":[{"href":"https:\/\/generalatlantique.com\/index.php\/wp-json\/wp\/v2\/pages"}],"about":[{"href":"https:\/\/generalatlantique.com\/index.php\/wp-json\/wp\/v2\/types\/page"}],"author":[{"embeddable":true,"href":"https:\/\/generalatlantique.com\/index.php\/wp-json\/wp\/v2\/users\/1"}],"replies":[{"embeddable":true,"href":"https:\/\/generalatlantique.com\/index.php\/wp-json\/wp\/v2\/comments?post=57"}],"version-history":[{"count":23,"href":"https:\/\/generalatlantique.com\/index.php\/wp-json\/wp\/v2\/pages\/57\/revisions"}],"predecessor-version":[{"id":1029,"href":"https:\/\/generalatlantique.com\/index.php\/wp-json\/wp\/v2\/pages\/57\/revisions\/1029"}],"wp:attachment":[{"href":"https:\/\/generalatlantique.com\/index.php\/wp-json\/wp\/v2\/media?parent=57"}],"curies":[{"name":"wp","href":"https:\/\/api.w.org\/{rel}","templated":true}]}}